{"id":2323,"date":"2023-06-01T11:57:59","date_gmt":"2023-06-01T10:57:59","guid":{"rendered":"https:\/\/www.premiointermarche.pt\/2023\/?page_id=2323"},"modified":"2023-06-01T15:35:06","modified_gmt":"2023-06-01T14:35:06","slug":"candidatura-2023","status":"publish","type":"page","link":"https:\/\/www.premiointermarche.pt\/2023\/candidatura-2023\/","title":{"rendered":"Candidatura 2023"},"content":{"rendered":"<div class=\"left-content\">\n<div><img loading=\"lazy\" decoding=\"async\" class=\"alignnone size-full wp-image-117 title\" src=\"http:\/\/www.premiointermarche.pt\/2018\/\/wp-content\/uploads\/2014\/05\/candidaturas.jpg\" alt=\"candidaturas\" width=\"480\" height=\"356\"><\/div>\n<\/div>\n<div class=\"right-content\">\n<!--\n\n\n<div class=\"candidaturas-copy block-copy\">\n\n\n<h4>Candidaturas encerradas.\n\nEm breve anunciaremos os vencedores.<\/h4>\n\n\n<\/div>\n\n\n--><\/div>\n<div style=\"clear: both;\">\n<div class=\"wpcf7 no-js\" id=\"wpcf7-f2306-o1\" lang=\"pt-PT\" dir=\"ltr\" data-wpcf7-id=\"2306\">\n<div class=\"screen-reader-response\"><p role=\"status\" aria-live=\"polite\" aria-atomic=\"true\"><\/p> <ul><\/ul><\/div>\n<form action=\"\/2023\/wp-json\/wp\/v2\/pages\/2323#wpcf7-f2306-o1\" method=\"post\" class=\"wpcf7-form init\" aria-label=\"Formul\u00e1rio de contacto\" enctype=\"multipart\/form-data\" novalidate=\"novalidate\" data-status=\"init\">\n<fieldset class=\"hidden-fields-container\"><input type=\"hidden\" name=\"_wpcf7\" value=\"2306\" \/><input type=\"hidden\" name=\"_wpcf7_version\" value=\"6.1.5\" \/><input type=\"hidden\" name=\"_wpcf7_locale\" value=\"pt_PT\" \/><input type=\"hidden\" name=\"_wpcf7_unit_tag\" value=\"wpcf7-f2306-o1\" \/><input type=\"hidden\" name=\"_wpcf7_container_post\" value=\"0\" \/><input type=\"hidden\" name=\"_wpcf7_posted_data_hash\" value=\"\" \/><input type=\"hidden\" name=\"_wpcf7_recaptcha_response\" value=\"\" \/>\n<\/fieldset>\n<h4>Dados Empresa\n<\/h4>\n<table width=\"100%\" border=\"0\" cellspacing=\"0\" cellpadding=\"0\">\n\t<tr>\n\t\t<td width=\"435\">\n\t\t\t<h3>Nome*\n\t\t\t<\/h3>\n\t\t\t<p><span class=\"wpcf7-form-control-wrap\" data-name=\"nome\"><input size=\"40\" maxlength=\"400\" class=\"wpcf7-form-control wpcf7-text wpcf7-validates-as-required\" aria-required=\"true\" aria-invalid=\"false\" value=\"\" type=\"text\" name=\"nome\" \/><\/span>\n\t\t\t<\/p>\n\t\t<\/td>\n\t\t<td width=\"40\">\n\t\t\t<p>&nbsp;\n\t\t\t<\/p>\n\t\t<\/td>\n\t\t<td width=\"180\">\n\t\t\t<h3>Data de in\u00edcio<br \/>\nda atividade\n\t\t\t<\/h3>\n\t\t\t<p><span class=\"wpcf7-form-control-wrap\" data-name=\"data-inicio-actividade\"><input size=\"40\" maxlength=\"400\" class=\"wpcf7-form-control wpcf7-text\" aria-invalid=\"false\" value=\"\" type=\"text\" name=\"data-inicio-actividade\" \/><\/span>\n\t\t\t<\/p>\n\t\t<\/td>\n\t\t<td width=\"40\">\n\t\t\t<p>&nbsp;\n\t\t\t<\/p>\n\t\t<\/td>\n\t\t<td width=\"210\">\n\t\t\t<h3>NIF\n\t\t\t<\/h3>\n\t\t\t<p><span class=\"wpcf7-form-control-wrap\" data-name=\"nif\"><input class=\"wpcf7-form-control wpcf7-number wpcf7-validates-as-required wpcf7-validates-as-number\" aria-required=\"true\" aria-invalid=\"false\" value=\"\" type=\"number\" name=\"nif\" \/><\/span>\n\t\t\t<\/p>\n\t\t<\/td>\n\t<\/tr>\n<\/table>\n<table width=\"100%\" border=\"0\" cellspacing=\"0\" cellpadding=\"0\">\n\t<tr>\n\t\t<td width=\"435\">\n\t\t\t<h3>Morada \/ Sede*\n\t\t\t<\/h3>\n\t\t\t<p><span class=\"wpcf7-form-control-wrap\" data-name=\"morada\"><input size=\"40\" maxlength=\"400\" class=\"wpcf7-form-control wpcf7-text wpcf7-validates-as-required\" aria-required=\"true\" aria-invalid=\"false\" value=\"\" type=\"text\" name=\"morada\" \/><\/span>\n\t\t\t<\/p>\n\t\t<\/td>\n\t\t<td width=\"40\">\n\t\t\t<p>&nbsp;\n\t\t\t<\/p>\n\t\t<\/td>\n\t\t<td width=\"180\">\n\t\t\t<h3>C\u00f3digo Postal*\n\t\t\t<\/h3>\n\t\t\t<p><span class=\"wpcf7-form-control-wrap\" data-name=\"codigo-postal\"><input size=\"40\" maxlength=\"400\" class=\"wpcf7-form-control wpcf7-text wpcf7-validates-as-required\" aria-required=\"true\" aria-invalid=\"false\" value=\"\" type=\"text\" name=\"codigo-postal\" \/><\/span>\n\t\t\t<\/p>\n\t\t<\/td>\n\t\t<td width=\"40\">\n\t\t\t<p>&nbsp;\n\t\t\t<\/p>\n\t\t<\/td>\n\t\t<td width=\"200\">\n\t\t<\/td>\n\t<\/tr>\n<\/table>\n<h3>O seu projeto est\u00e1 legalizado?*\n<\/h3>\n<p><span class=\"wpcf7-form-control-wrap\" data-name=\"check-licenciado\"><span class=\"wpcf7-form-control wpcf7-checkbox wpcf7-validates-as-required wpcf7-exclusive-checkbox\"><span class=\"wpcf7-list-item first\"><label><input type=\"checkbox\" name=\"check-licenciado\" value=\"Sim\" \/><span class=\"wpcf7-list-item-label\">Sim<\/span><\/label><\/span><span class=\"wpcf7-list-item last\"><label><input type=\"checkbox\" name=\"check-licenciado\" value=\"N\u00e3o\" \/><span class=\"wpcf7-list-item-label\">N\u00e3o<\/span><\/label><\/span><\/span><\/span>\n<\/p>\n<table width=\"100%\" border=\"0\" cellspacing=\"0\" cellpadding=\"0\">\n\t<tr>\n\t\t<td width=\"390\">\n\t\t\t<h3>Dimens\u00e3o da propriedade (em hectares)\n\t\t\t<\/h3>\n\t\t\t<p><span class=\"wpcf7-form-control-wrap\" data-name=\"dimensao-propriedade\"><input class=\"wpcf7-form-control wpcf7-number wpcf7-validates-as-number\" aria-invalid=\"false\" value=\"\" type=\"number\" name=\"dimensao-propriedade\" \/><\/span>\n\t\t\t<\/p>\n\t\t<\/td>\n\t\t<td width=\"40\">\n\t\t\t<p>&nbsp;\n\t\t\t<\/p>\n\t\t<\/td>\n\t\t<td>\n\t\t\t<h3>N\u00ba de colaboradores\n\t\t\t<\/h3>\n\t\t\t<p><span class=\"wpcf7-form-control-wrap\" data-name=\"numero-colaboradores\"><input class=\"wpcf7-form-control wpcf7-number wpcf7-validates-as-number\" aria-invalid=\"false\" value=\"\" type=\"number\" name=\"numero-colaboradores\" \/><\/span>\n\t\t\t<\/p>\n\t\t<\/td>\n\t<\/tr>\n<\/table>\n<table width=\"100%\" border=\"0\" cellspacing=\"0\" cellpadding=\"0\">\n\t<tr>\n\t\t<td width=\"390\">\n\t\t\t<h3>Volume de neg\u00f3cios - 2020 (em milhares de euros)\n\t\t\t<\/h3>\n\t\t\t<p><span class=\"wpcf7-form-control-wrap\" data-name=\"volume-negocios-2020\"><input class=\"wpcf7-form-control wpcf7-number wpcf7-validates-as-number\" aria-invalid=\"false\" value=\"\" type=\"number\" name=\"volume-negocios-2020\" \/><\/span>\n\t\t\t<\/p>\n\t\t<\/td>\n\t\t<td width=\"40\">\n\t\t\t<p>&nbsp;\n\t\t\t<\/p>\n\t\t<\/td>\n\t\t<td>\n\t\t\t<h3>Volume de neg\u00f3cios - 2021 (em milhares de euros)\n\t\t\t<\/h3>\n\t\t\t<p><span class=\"wpcf7-form-control-wrap\" data-name=\"volume-negocios-2021\"><input class=\"wpcf7-form-control wpcf7-number wpcf7-validates-as-number\" aria-invalid=\"false\" value=\"\" type=\"number\" name=\"volume-negocios-2021\" \/><\/span>\n\t\t\t<\/p>\n\t\t<\/td>\n\t<\/tr>\n\t<tr>\n\t\t<td width=\"390\">\n\t\t\t<h3>Volume de neg\u00f3cios - 2022 (em milhares de euros)\n\t\t\t<\/h3>\n\t\t\t<p><span class=\"wpcf7-form-control-wrap\" data-name=\"volume-negocios-2022\"><input class=\"wpcf7-form-control wpcf7-number wpcf7-validates-as-number\" aria-invalid=\"false\" value=\"\" type=\"number\" name=\"volume-negocios-2022\" \/><\/span>\n\t\t\t<\/p>\n\t\t<\/td>\n\t<\/tr>\n<\/table>\n<h3>Pertence a alguma organiza\u00e7\u00e3o de agricultores?*\n<\/h3>\n<p><span class=\"wpcf7-form-control-wrap\" data-name=\"pertence-question\"><span class=\"wpcf7-form-control wpcf7-checkbox wpcf7-validates-as-required wpcf7-exclusive-checkbox\"><span class=\"wpcf7-list-item first\"><label><input type=\"checkbox\" name=\"pertence-question\" value=\"Sim\" \/><span class=\"wpcf7-list-item-label\">Sim<\/span><\/label><\/span><span class=\"wpcf7-list-item last\"><label><input type=\"checkbox\" name=\"pertence-question\" value=\"N\u00e3o\" \/><span class=\"wpcf7-list-item-label\">N\u00e3o<\/span><\/label><\/span><\/span><\/span><br \/>\n[group group-organizacao-agricultores]\n<\/p>\n<p id=\"field-organizacao-agricultores\">Qual?\n<\/p>\n<p><span class=\"wpcf7-form-control-wrap\" data-name=\"organizacao-agricultores\"><input size=\"40\" maxlength=\"400\" class=\"wpcf7-form-control wpcf7-text\" aria-invalid=\"false\" value=\"\" type=\"text\" name=\"organizacao-agricultores\" \/><\/span>\n<\/p>\n<p>[\/group]\n<\/p>\n<h3>O projeto\/produto est\u00e1 j\u00e1 em comercializa\u00e7\u00e3o?*\n<\/h3>\n<p><span class=\"wpcf7-form-control-wrap\" data-name=\"comercializacao-question\"><span class=\"wpcf7-form-control wpcf7-checkbox wpcf7-validates-as-required wpcf7-exclusive-checkbox\"><span class=\"wpcf7-list-item first\"><label><input type=\"checkbox\" name=\"comercializacao-question\" value=\"Sim\" \/><span class=\"wpcf7-list-item-label\">Sim<\/span><\/label><\/span><span class=\"wpcf7-list-item last\"><label><input type=\"checkbox\" name=\"comercializacao-question\" value=\"N\u00e3o\" \/><span class=\"wpcf7-list-item-label\">N\u00e3o<\/span><\/label><\/span><\/span><\/span><br \/>\n[group group-comercializacao]\n<\/p>\n<p id=\"field-comercializacao-produto\">Se respondeu sim, indique onde?\n<\/p>\n<p><span class=\"wpcf7-form-control-wrap\" data-name=\"comercializacao-produto\"><input size=\"40\" maxlength=\"400\" class=\"wpcf7-form-control wpcf7-text\" aria-invalid=\"false\" value=\"\" type=\"text\" name=\"comercializacao-produto\" \/><\/span>\n<\/p>\n<p>[\/group]\n<\/p>\n<h4>Dados do Candidato e da Pessoa de Contacto\n<\/h4>\n<table width=\"100%\" border=\"0\" cellspacing=\"0\" cellpadding=\"0\">\n\t<tr>\n\t\t<td width=\"150\">\n\t\t\t<h3>Nome do Candidato*\n\t\t\t<\/h3>\n\t\t\t<p><span class=\"wpcf7-form-control-wrap\" data-name=\"candidato\"><input size=\"40\" maxlength=\"400\" class=\"wpcf7-form-control wpcf7-text wpcf7-validates-as-required\" aria-required=\"true\" aria-invalid=\"false\" value=\"\" type=\"text\" name=\"candidato\" \/><\/span>\n\t\t\t<\/p>\n\t\t<\/td>\n\t\t<td width=\"40\">\n\t\t\t<p>&nbsp;\n\t\t\t<\/p>\n\t\t<\/td>\n\t\t<td width=\"150\">\n\t\t\t<h3>Data de Nascimento do Candidato\n\t\t\t<\/h3>\n\t\t\t<p><span class=\"wpcf7-form-control-wrap\" data-name=\"dob-candidato\"><input size=\"40\" maxlength=\"400\" class=\"wpcf7-form-control wpcf7-text\" aria-invalid=\"false\" value=\"\" type=\"text\" name=\"dob-candidato\" \/><\/span>\n\t\t\t<\/p>\n\t\t<\/td>\n\t<\/tr>\n\t<tr>\n\t\t<td width=\"150\">\n\t\t\t<h3>Nome da Pessoa de Contacto*\n\t\t\t<\/h3>\n\t\t\t<p><span class=\"wpcf7-form-control-wrap\" data-name=\"pessoa-contacto\"><input size=\"40\" maxlength=\"400\" class=\"wpcf7-form-control wpcf7-text wpcf7-validates-as-required\" aria-required=\"true\" aria-invalid=\"false\" value=\"\" type=\"text\" name=\"pessoa-contacto\" \/><\/span>\n\t\t\t<\/p>\n\t\t<\/td>\n\t\t<td width=\"40\">\n\t\t\t<p>&nbsp;\n\t\t\t<\/p>\n\t\t<\/td>\n\t\t<td width=\"150\">\n\t\t\t<h3>Email da Pessoa de Contacto*\n\t\t\t<\/h3>\n\t\t\t<p><span class=\"wpcf7-form-control-wrap\" data-name=\"email-contacto\"><input size=\"40\" maxlength=\"400\" class=\"wpcf7-form-control wpcf7-email wpcf7-validates-as-required wpcf7-text wpcf7-validates-as-email\" aria-required=\"true\" aria-invalid=\"false\" value=\"\" type=\"email\" name=\"email-contacto\" \/><\/span>\n\t\t\t<\/p>\n\t\t<\/td>\n\t<\/tr>\n\t<tr>\n\t\t<td width=\"150\">\n\t\t\t<h3>Telefone da pessoa de Contacto*\n\t\t\t<\/h3>\n\t\t\t<p><span class=\"wpcf7-form-control-wrap\" data-name=\"telefone\"><input class=\"wpcf7-form-control wpcf7-number wpcf7-validates-as-required wpcf7-validates-as-number\" aria-required=\"true\" aria-invalid=\"false\" value=\"\" type=\"number\" name=\"telefone\" \/><\/span>\n\t\t\t<\/p>\n\t\t<\/td>\n\t\t<td width=\"40\">\n\t\t\t<p>&nbsp;\n\t\t\t<\/p>\n\t\t<\/td>\n\t\t<td width=\"150\">\n\t\t<\/td>\n\t<\/tr>\n<\/table>\n<h4>DESCRI\u00c7\u00c3O DE CANDIDATURA\n<\/h4>\n<h3>1. Categoria*\n<\/h3>\n<p><span class=\"wpcf7-form-control-wrap\" data-name=\"check-categoria\"><span class=\"wpcf7-form-control wpcf7-checkbox wpcf7-validates-as-required wpcf7-exclusive-checkbox\"><span class=\"wpcf7-list-item first\"><label><input type=\"checkbox\" name=\"check-categoria\" value=\"Produ\u00e7\u00e3o Prim\u00e1ria\" \/><span class=\"wpcf7-list-item-label\">Produ\u00e7\u00e3o Prim\u00e1ria<\/span><\/label><\/span><span class=\"wpcf7-list-item\"><label><input type=\"checkbox\" name=\"check-categoria\" value=\"Produtos Transformados\" \/><span class=\"wpcf7-list-item-label\">Produtos Transformados<\/span><\/label><\/span><span class=\"wpcf7-list-item last\"><label><input type=\"checkbox\" name=\"check-categoria\" value=\"Ideias com Potencial\" \/><span class=\"wpcf7-list-item-label\">Ideias com Potencial<\/span><\/label><\/span><\/span><\/span>\n<\/p>\n<h3>2. Produto\/Gama*\n<\/h3>\n<p><span class=\"wpcf7-form-control-wrap\" data-name=\"produto-gama\"><input size=\"40\" maxlength=\"400\" class=\"wpcf7-form-control wpcf7-text wpcf7-validates-as-required\" aria-required=\"true\" aria-invalid=\"false\" value=\"\" type=\"text\" name=\"produto-gama\" \/><\/span>\n<\/p>\n<h4>APRESENTA\u00c7\u00c3O DO PROJETO\n<\/h4>\n<p>Descreva de forma objetiva, clara e detalhada o seu projeto de acordo com os crit\u00e9rios e subcrit\u00e9rios abaixo mencionados. A sua resposta ser\u00e1 t\u00e3o mais valorizada quanto mais exatos forem os aspetos abordados.<br \/>\nNo caso de projetos de certifica\u00e7\u00e3o, ser\u00e1 necess\u00e1rio apresentar certificados, caso haja, ou evid\u00eancia atrav\u00e9s de documento ou fotografia.\n<\/p>\n<p>[group group-1]\n<\/p>\n<h3>1. INOVA\u00c7\u00c3O*\n<\/h3>\n<ul>\n\t<li>\n\t\t<p>M\u00e9todos e\/ou t\u00e9cnicas de produ\u00e7\u00e3o diferenciadoras e que valorizem o produto;\n\t\t<\/p>\n\t<\/li>\n\t<li>\n\t\t<p>Benef\u00edcio do produto, processo de fabrico ou embalagem claramente descrito;\n\t\t<\/p>\n\t<\/li>\n\t<li>\n\t\t<p>Empreendedorismo\/Avalia\u00e7\u00e3o concorr\u00eancia;\n\t\t<\/p>\n\t<\/li>\n\t<li>\n\t\t<p>Identifica\u00e7\u00e3o de p\u00fablico e mercado alvo;\n\t\t<\/p>\n\t<\/li>\n\t<li>\n\t\t<p>Relev\u00e2ncia no mercado alvo e posicionamento face \u00e0 concorr\u00eancia;\n\t\t<\/p>\n\t<\/li>\n\t<li>\n\t\t<p>Disponibilidade de produto para comercializa\u00e7\u00e3o;\n\t\t<\/p>\n\t<\/li>\n\t<li>\n\t\t<p>Aspetos que tornam o produto relevante para o Intermarch\u00e9.\n\t\t<\/p>\n\t<\/li>\n<\/ul>\n<p>(M\u00c1XIMO 2500 caracteres)\n<\/p>\n<p><span class=\"wpcf7-form-control-wrap\" data-name=\"empreendedorismo-projeto\"><textarea cols=\"40\" rows=\"10\" maxlength=\"2000\" class=\"wpcf7-form-control wpcf7-textarea wpcf7-validates-as-required\" aria-required=\"true\" aria-invalid=\"false\" name=\"empreendedorismo-projeto\"><\/textarea><\/span>\n<\/p>\n<h3>2. SUSTENTABILIDADE*\n<\/h3>\n<h5><strong>Econ\u00f3mica:<\/strong>\n<\/h5>\n<ul>\n\t<li>\n\t\t<p>Viabilidade econ\u00f3mica do produto ou capacidade de produ\u00e7\u00e3o futura demonstrada.\n\t\t<\/p>\n\t<\/li>\n<\/ul>\n<h5><strong>Social e Ambiental:<\/strong>\n<\/h5>\n<ul>\n\t<li>\n\t\t<p>Impacto na comunidade: contributo para o desenvolvimento das economias locais ou regionais;\n\t\t<\/p>\n\t<\/li>\n\t<li>\n\t\t<p>Respeito pelos ecossistemas (eco fauna, eco flora, etc.);\n\t\t<\/p>\n\t<\/li>\n\t<li>\n\t\t<p>Promo\u00e7\u00e3o de novas aplica\u00e7\u00f5es e\/ou certifica\u00e7\u00e3o das mat\u00e9rias-primas;\n\t\t<\/p>\n\t<\/li>\n\t<li>\n\t\t<p>Promo\u00e7\u00e3o da efici\u00eancia h\u00eddrica e energ\u00e9tica;\n\t\t<\/p>\n\t<\/li>\n\t<li>\n\t\t<p>Projetos que incluam reciclagem e reutiliza\u00e7\u00e3o de res\u00edduos.\n\t\t<\/p>\n\t<\/li>\n<\/ul>\n<p>(M\u00c1XIMO 2500 caracteres)\n<\/p>\n<p><span class=\"wpcf7-form-control-wrap\" data-name=\"ambiental-projeto\"><textarea cols=\"40\" rows=\"10\" maxlength=\"2000\" class=\"wpcf7-form-control wpcf7-textarea wpcf7-validates-as-required\" aria-required=\"true\" aria-invalid=\"false\" name=\"ambiental-projeto\"><\/textarea><\/span>\n<\/p>\n<h3>3 ORIGEM*\n<\/h3>\n<p><br \/>\nRespeito e conserva\u00e7\u00e3o da sabedoria ancestral, dando continuidade a metodologias de produ\u00e7\u00e3o tradicionais e mantendo a identidade dos produtos tradicionais, responde a necessidade concreta do consumidor.\n<\/p>\n<p>(M\u00c1XIMO 2500 caracteres)\n<\/p>\n<p><span class=\"wpcf7-form-control-wrap\" data-name=\"origem-projeto\"><textarea cols=\"40\" rows=\"10\" maxlength=\"2000\" class=\"wpcf7-form-control wpcf7-textarea wpcf7-validates-as-required\" aria-required=\"true\" aria-invalid=\"false\" name=\"origem-projeto\"><\/textarea><\/span>\n<\/p>\n<p>[\/group]\n<\/p>\n<h3>4. Hist\u00f3ria (facultativo)\n<\/h3>\n<p>Conte-nos a hist\u00f3ria da sua ideia\/projeto! (Esta n\u00e3o ser\u00e1 pontuada, mas poder\u00e1 influenciar -positiva ou negativamente- a decis\u00e3o nas pontua\u00e7\u00f5es anteriores).\n<\/p>\n<p>(M\u00c1XIMO 2500 caracteres)\n<\/p>\n<p><span class=\"wpcf7-form-control-wrap\" data-name=\"resultados-projeto\"><textarea cols=\"40\" rows=\"10\" maxlength=\"2000\" class=\"wpcf7-form-control wpcf7-textarea\" aria-invalid=\"false\" name=\"resultados-projeto\"><\/textarea><\/span>\n<\/p>\n<h3>5. Outras Informa\u00e7\u00f5es relevantes\n<\/h3>\n<p>(M\u00c1XIMO 2500 caracteres)\n<\/p>\n<p><span class=\"wpcf7-form-control-wrap\" data-name=\"outras-info\"><textarea cols=\"40\" rows=\"10\" maxlength=\"500\" minlength=\"10\" class=\"wpcf7-form-control wpcf7-textarea\" aria-invalid=\"false\" name=\"outras-info\"><\/textarea><\/span>\n<\/p>\n<h3>6. Fotografias do projeto\n<\/h3>\n<p>Juntamente com este formul\u00e1rio de candidatura, e se considerar pertinente, anexe at\u00e9 um m\u00e1ximo de 5 fotografias do seu projeto. Cada fotografia n\u00e3o dever\u00e1 exceder os 4 MB.\n<\/p>\n<p class=\"hide_foto first-file_foto\"><span class=\"wpcf7-form-control-wrap\" data-name=\"fotografias-projeto\"><input size=\"40\" class=\"wpcf7-form-control wpcf7-file\" accept=\"audio\/*,video\/*,image\/*\" aria-invalid=\"false\" type=\"file\" name=\"fotografias-projeto\" \/><\/span>\n<\/p>\n<p class=\"hide_foto\"><span class=\"wpcf7-form-control-wrap\" data-name=\"fotografias-projeto-02\"><input size=\"40\" class=\"wpcf7-form-control wpcf7-file\" accept=\"audio\/*,video\/*,image\/*\" aria-invalid=\"false\" type=\"file\" name=\"fotografias-projeto-02\" \/><\/span><a class=\"del_file_foto\" href=\"#\">Eliminar<\/a>\n<\/p>\n<p class=\"hide_foto\"><span class=\"wpcf7-form-control-wrap\" data-name=\"fotografias-projeto-03\"><input size=\"40\" class=\"wpcf7-form-control wpcf7-file\" accept=\"audio\/*,video\/*,image\/*\" aria-invalid=\"false\" type=\"file\" name=\"fotografias-projeto-03\" \/><\/span><a class=\"del_file_foto\" href=\"#\">Eliminar<\/a>\n<\/p>\n<p><a href=\"#\" class=\"add_file_foto\">Adicionar ficheiro +<\/a>\n<\/p>\n<h3>7. DOCUMENTOS RELEVANTES\n<\/h3>\n<p>Submeta informa\u00e7\u00e3o complementar que considere enriquecer a candidatura (ex.: apresenta\u00e7\u00e3o da empresa, apresenta\u00e7\u00e3o do produto, diplomas\/ certificados de pr\u00e9mios obtidos, etc). Cada documento n\u00e3o dever\u00e1 exceder os 4 MB.\n<\/p>\n<p class=\"hide_file first-file\"><span class=\"wpcf7-form-control-wrap\" data-name=\"documentos-relevantes-01\"><input size=\"40\" class=\"wpcf7-form-control wpcf7-file\" accept=\".doc,.docx,.pdf,.jpg,.xls,.xlsx\" aria-invalid=\"false\" type=\"file\" name=\"documentos-relevantes-01\" \/><\/span>\n<\/p>\n<p class=\"hide_file\"><span class=\"wpcf7-form-control-wrap\" data-name=\"documentos-relevantes-02\"><input size=\"40\" class=\"wpcf7-form-control wpcf7-file\" accept=\".doc,.docx,.pdf,.jpg,.xls,.xlsx\" aria-invalid=\"false\" type=\"file\" name=\"documentos-relevantes-02\" \/><\/span><a class=\"del_file\" href=\"#\">Eliminar<\/a>\n<\/p>\n<p class=\"hide_file\"><span class=\"wpcf7-form-control-wrap\" data-name=\"documentos-relevantes-03\"><input size=\"40\" class=\"wpcf7-form-control wpcf7-file\" accept=\".doc,.docx,.pdf,.jpg,.xls,.xlsx\" aria-invalid=\"false\" type=\"file\" name=\"documentos-relevantes-03\" \/><\/span><a class=\"del_file\" href=\"#\">Eliminar<\/a>\n<\/p>\n<p><a href=\"#\" class=\"add_file\">Adicionar ficheiro +<\/a>\n<\/p>\n<h3>8. DE QUE FORMA TEVE CONHECIMENTO DO PR\u00c9MIO INTERMARCH\u00c9 PRODU\u00c7\u00c3O NACIONAL?*\n<\/h3>\n<p><br \/>\n<span class=\"wpcf7-form-control-wrap\" data-name=\"checkbox-conheceu\"><span class=\"wpcf7-form-control wpcf7-checkbox\"><span class=\"wpcf7-list-item first\"><label><input type=\"checkbox\" name=\"checkbox-conheceu[]\" value=\"Email Marketing\" \/><span class=\"wpcf7-list-item-label\">Email Marketing<\/span><\/label><\/span><span class=\"wpcf7-list-item\"><label><input type=\"checkbox\" name=\"checkbox-conheceu[]\" value=\"Publicidade em TV\" \/><span class=\"wpcf7-list-item-label\">Publicidade em TV<\/span><\/label><\/span><span class=\"wpcf7-list-item\"><label><input type=\"checkbox\" name=\"checkbox-conheceu[]\" value=\"Parceiros\" \/><span class=\"wpcf7-list-item-label\">Parceiros<\/span><\/label><\/span><span class=\"wpcf7-list-item\"><label><input type=\"checkbox\" name=\"checkbox-conheceu[]\" value=\"Word of Mouth\" \/><span class=\"wpcf7-list-item-label\">Word of Mouth<\/span><\/label><\/span><span class=\"wpcf7-list-item\"><label><input type=\"checkbox\" name=\"checkbox-conheceu[]\" value=\"Imprensa\" \/><span class=\"wpcf7-list-item-label\">Imprensa<\/span><\/label><\/span><span class=\"wpcf7-list-item\"><label><input type=\"checkbox\" name=\"checkbox-conheceu[]\" value=\"Sites IMPRESA\" \/><span class=\"wpcf7-list-item-label\">Sites IMPRESA<\/span><\/label><\/span><span class=\"wpcf7-list-item last\"><label><input type=\"checkbox\" name=\"checkbox-conheceu[]\" value=\"Outro (indique a fonte):\" \/><span class=\"wpcf7-list-item-label\">Outro (indique a fonte):<\/span><\/label><\/span><\/span><\/span>[group group-outros]<span class=\"wpcf7-form-control-wrap\" data-name=\"text-outros\"><input size=\"40\" maxlength=\"400\" class=\"wpcf7-form-control wpcf7-text\" aria-invalid=\"false\" value=\"\" type=\"text\" name=\"text-outros\" \/><\/span>[\/group]\n<\/p>\n\n<table width=\"100%\">\n\t<tr>\n\t\t<td width=\"80%\" style=\"vertical-align: middle;\">\n\t\t\t<p><span class=\"wpcf7-form-control-wrap\" data-name=\"acceptance-701\"><span class=\"wpcf7-form-control wpcf7-acceptance\"><span class=\"wpcf7-list-item\"><input type=\"checkbox\" name=\"acceptance-701\" value=\"1\" aria-invalid=\"false\" \/><\/span><\/span><\/span><span style=\"color: white; font-size: 16px\"> Li e aceito os <a href=\"https:\/\/www.premiointermarche.pt\/2020\/wp-content\/uploads\/2022\/05\/TermosECondicoes.pdf\" target=\"_blank\">Termos e Condi\u00e7\u00f5es<\/a> e aceito ser contactado<\/span>\n\t\t\t<\/p>\n\t\t<\/td>\n\t\t<td width=\"20%\">\n\t\t\t<p><input class=\"wpcf7-form-control wpcf7-submit has-spinner\" type=\"submit\" value=\"Enviar Candidatura &gt;\" \/>\n\t\t\t<\/p>\n\t\t<\/td>\n\t<\/tr>\n<\/table><div class=\"wpcf7-response-output\" aria-hidden=\"true\"><\/div>\n<\/form>\n<\/div>\n<\/div>\n","protected":false},"excerpt":{"rendered":"","protected":false},"author":4,"featured_media":0,"parent":0,"menu_order":0,"comment_status":"closed","ping_status":"closed","template":"","meta":{"footnotes":""},"class_list":["post-2323","page","type-page","status-publish","hentry"],"_links":{"self":[{"href":"https:\/\/www.premiointermarche.pt\/2023\/wp-json\/wp\/v2\/pages\/2323","targetHints":{"allow":["GET"]}}],"collection":[{"href":"https:\/\/www.premiointermarche.pt\/2023\/wp-json\/wp\/v2\/pages"}],"about":[{"href":"https:\/\/www.premiointermarche.pt\/2023\/wp-json\/wp\/v2\/types\/page"}],"author":[{"embeddable":true,"href":"https:\/\/www.premiointermarche.pt\/2023\/wp-json\/wp\/v2\/users\/4"}],"replies":[{"embeddable":true,"href":"https:\/\/www.premiointermarche.pt\/2023\/wp-json\/wp\/v2\/comments?post=2323"}],"version-history":[{"count":4,"href":"https:\/\/www.premiointermarche.pt\/2023\/wp-json\/wp\/v2\/pages\/2323\/revisions"}],"predecessor-version":[{"id":2327,"href":"https:\/\/www.premiointermarche.pt\/2023\/wp-json\/wp\/v2\/pages\/2323\/revisions\/2327"}],"wp:attachment":[{"href":"https:\/\/www.premiointermarche.pt\/2023\/wp-json\/wp\/v2\/media?parent=2323"}],"curies":[{"name":"wp","href":"https:\/\/api.w.org\/{rel}","templated":true}]}}