{"id":11,"date":"2014-05-29T16:37:35","date_gmt":"2014-05-29T16:37:35","guid":{"rendered":"http:\/\/www.premiointermarche.pt\/2018\/\/?page_id=11"},"modified":"2023-06-09T12:56:10","modified_gmt":"2023-06-09T11:56:10","slug":"categorias","status":"publish","type":"page","link":"https:\/\/www.premiointermarche.pt\/2023\/categorias\/","title":{"rendered":"Categorias"},"content":{"rendered":"<div class=\"left-content\">\n<div><img loading=\"lazy\" decoding=\"async\" class=\"alignnone size-full wp-image-85 title\" src=\"https:\/\/www.premiointermarche.pt\/2018\/\/wp-content\/uploads\/2014\/05\/categorias.jpg\" alt=\"categorias\" width=\"480\" height=\"355\"><\/div>\n<div class=\"categorias-pesca block-copy\">\n<h4><b class=\"mobile-hide\">02 |<\/b> Produtos Transformados<\/h4>\n<p>Todos os produtos resultantes de um primeiro processo de transforma\u00e7\u00e3o (produtos processados e\/ou transformados). Todos os projetos de pessoas singulares ou coletivas nas \u00e1reas da vinicultura, charcutaria, azeite, leite e derivados, preparados e processados de carne, peixe, frutas e legumes, entre outros, que valorizem as variedades regionais, a sustentabilidade e a biodiversidade.<\/p>\n<\/div>\n<div><img loading=\"lazy\" decoding=\"async\" class=\"alignnone wp-image-1215 size-full\" src=\"https:\/\/www.premiointermarche.pt\/2022\/wp-content\/uploads\/2022\/05\/IMG_TRANSFORMADOS_480x265_FINAL.jpg\" alt=\"\" width=\"480\" height=\"240\"><\/div>\n<div class=\"categorias-processados block-copy\">\n<p>Os projetos apresentados ser\u00e3o avaliados segundo os seguintes crit\u00e9rios:<\/p>\n<h5>Inova\u00e7\u00e3o<\/h5>\n<ul>\n<li>Empreendedorismo;<\/li>\n<li>Abordagem ao mercado.<\/li>\n<\/ul>\n<h5>Sustentabilidade<\/h5>\n<ul>\n<li>Econ\u00f3mica;<\/li>\n<li>Social e Ambiental.<\/li>\n<\/ul>\n<h5>Origens<\/h5>\n<ul>\n<li>Metodologias de produ\u00e7\u00e3o e identidade dos produtos desde que criados at\u00e9 aos dias de hoje.<\/li>\n<\/ul>\n<\/div>\n<div class=\"categorias-mais-info block-copy\">\n<p>Para mais informa\u00e7\u00f5es sobre as categorias e crit\u00e9rios de avalia\u00e7\u00e3o, consulte, por favor, o Regulamento do projeto dispon\u00edvel <a href=\"https:\/\/www.premiointermarche.pt\/2023\/wp-content\/uploads\/2023\/06\/Regulamento_Premio_Intermarche_2023.pdf\" target=\"_blank\" rel=\"noopener noreferrer\"><em>aqui<\/em><\/a>.<\/p>\n<\/div>\n<\/div>\n<div class=\"right-content\">\n<div class=\"categorias-carnes block-copy\">\n<p>As candidaturas ao Pr\u00e9mio Intermarch\u00e9 Produ\u00e7\u00e3o Nacional devem ser submetidas de acordo com as seguintes categorias e subcategorias de projeto.<\/p>\n<h4><b class=\"mobile-hide\">01 |<\/b> Produ\u00e7\u00e3o Prim\u00e1ria<\/h4>\n<p>Todos os produtos resultantes do processo de produ\u00e7\u00e3o prim\u00e1ria. A t\u00edtulo de exemplo: carnes (todos os projetos de produ\u00e7\u00e3o de carne bovina, su\u00edna, caprina, ovina, aves e preparados de carne, que respeitem o bem-estar dos animais, promovam as ra\u00e7as locais &#8211; quando aplic\u00e1vel, e garantam a qualidade da carne a comercializar), pesca (todos os projetos de produtos de pesca &#8211; peixe, moluscos, mariscos, algas e produtos com origem no mar, rios e lagos, que respeitem o ambiente, preservem a biodiversidade e sejam promotores da boa sa\u00fade e nutri\u00e7\u00e3o saud\u00e1vel), fruta (todos os projetos de produ\u00e7\u00e3o de fruta respeitando o ambiente e sem riscos toxicol\u00f3gicos na produ\u00e7\u00e3o e no consumo) e legumes (todos os projetos de produtos frescos, incluindo qualquer parte da planta, e.g., raiz, folhas ou frutos, incluindo as plantas arom\u00e1ticas desde que destinadas ao consumo em natureza).<\/p>\n<\/div>\n<div><img loading=\"lazy\" decoding=\"async\" class=\"alignnone size-full wp-image-94\" src=\"https:\/\/www.premiointermarche.pt\/2022\/wp-content\/uploads\/2022\/05\/IMG_PRIMARIO_480x350v2_FINAL.jpg\" alt=\"\" width=\"480\" height=\"265\"><\/div>\n<div class=\"categorias-legumes block-copy\">\n<h4><b class=\"mobile-hide\">03 |<\/b> Ideias com potencial<\/h4>\n<p>Destinada a acolher projetos que, embora inovadores, ainda n\u00e3o estejam em comercializa\u00e7\u00e3o ou que ainda n\u00e3o tenham escala suficiente para comercializa\u00e7\u00e3o. Estes projetos ser\u00e3o, tendencialmente, considerados de \u00e2mbito local ou regional.<\/p>\n<\/div>\n<div><img loading=\"lazy\" decoding=\"async\" class=\"alignnone wp-image-1218 size-full\" src=\"https:\/\/www.premiointermarche.pt\/2022\/wp-content\/uploads\/2022\/05\/IMG_DIFERENCIADORES_480x350_FINAL.jpg\" alt=\"\" width=\"480\" height=\"266\"><\/div>\n<div class=\"categorias-fruta block-copy\">\n<h4><b class=\"mobile-hide\">MEN\u00c7\u00d5ES HONROSAS<\/b><\/h4>\n<p>O j\u00fari poder\u00e1 ainda atribuir Men\u00e7\u00f5es Honrosas a projetos que, n\u00e3o sendo vencedores, se destaquem pela sua qualidade e pertin\u00eancia nas tr\u00eas categorias: Produ\u00e7\u00e3o Prim\u00e1ria, Produtos Transformados e Ideias com Potencial.<\/p>\n<p>Todas as Men\u00e7\u00f5es Honrosas ser\u00e3o escolhidas de entre todas as candidaturas v\u00e1lidas recebidas.<\/p>\n<\/div>\n<\/div>\n","protected":false},"excerpt":{"rendered":"<p>02 | Produtos Transformados Todos os produtos resultantes de um primeiro processo de transforma\u00e7\u00e3o (produtos processados e\/ou transformados). Todos os projetos de pessoas singulares ou coletivas nas \u00e1reas da vinicultura, charcutaria, azeite, leite e derivados, preparados e processados de carne, peixe, frutas e legumes, entre outros, que valorizem as variedades&hellip; <\/p>\n","protected":false},"author":2,"featured_media":0,"parent":0,"menu_order":0,"comment_status":"closed","ping_status":"closed","template":"","meta":{"footnotes":""},"class_list":["post-11","page","type-page","status-publish","hentry"],"_links":{"self":[{"href":"https:\/\/www.premiointermarche.pt\/2023\/wp-json\/wp\/v2\/pages\/11","targetHints":{"allow":["GET"]}}],"collection":[{"href":"https:\/\/www.premiointermarche.pt\/2023\/wp-json\/wp\/v2\/pages"}],"about":[{"href":"https:\/\/www.premiointermarche.pt\/2023\/wp-json\/wp\/v2\/types\/page"}],"author":[{"embeddable":true,"href":"https:\/\/www.premiointermarche.pt\/2023\/wp-json\/wp\/v2\/users\/2"}],"replies":[{"embeddable":true,"href":"https:\/\/www.premiointermarche.pt\/2023\/wp-json\/wp\/v2\/comments?post=11"}],"version-history":[{"count":40,"href":"https:\/\/www.premiointermarche.pt\/2023\/wp-json\/wp\/v2\/pages\/11\/revisions"}],"predecessor-version":[{"id":2364,"href":"https:\/\/www.premiointermarche.pt\/2023\/wp-json\/wp\/v2\/pages\/11\/revisions\/2364"}],"wp:attachment":[{"href":"https:\/\/www.premiointermarche.pt\/2023\/wp-json\/wp\/v2\/media?parent=11"}],"curies":[{"name":"wp","href":"https:\/\/api.w.org\/{rel}","templated":true}]}}